{"id":2068,"date":"2024-01-16T12:44:23","date_gmt":"2024-01-16T11:44:23","guid":{"rendered":"https:\/\/herojibeogradskogmaratona.rs\/privacy-policy\/"},"modified":"2026-03-09T14:16:14","modified_gmt":"2026-03-09T13:16:14","slug":"privacy-policy","status":"publish","type":"page","link":"https:\/\/herojibeogradskogmaratona.rs\/en\/privacy-policy\/","title":{"rendered":"Privacy Policy"},"content":{"rendered":"<p>[et_pb_section fb_built=&#8221;1&#8243; _builder_version=&#8221;4.23.1&#8243; _module_preset=&#8221;default&#8221; use_background_color_gradient=&#8221;on&#8221; background_color_gradient_direction=&#8221;147deg&#8221; background_color_gradient_stops=&#8221;#2b87da 0%|#29c4a9 99%&#8221; min_height=&#8221;300px&#8221; min_height_tablet=&#8221;300px&#8221; min_height_phone=&#8221;300px&#8221; min_height_last_edited=&#8221;on|phone&#8221; custom_css_main_element=&#8221;display: flex;&#8221; global_colors_info=&#8221;{}&#8221;][et_pb_row _builder_version=&#8221;4.23.1&#8243; _module_preset=&#8221;default&#8221; global_colors_info=&#8221;{}&#8221;][et_pb_column type=&#8221;4_4&#8243; _builder_version=&#8221;4.23.1&#8243; _module_preset=&#8221;default&#8221; global_colors_info=&#8221;{}&#8221;][ba_advanced_divider active_element=&#8221;text&#8221; title=&#8221;Privacy Policy&#8221; text_padding=&#8221;||||false|false&#8221; text_background=&#8221;RGBA(255,255,255,0)&#8221; use_shape=&#8221;on&#8221; shape=&#8221;shape_5&#8243; shape_weight=&#8221;3&#8243; shape_color=&#8221;#FFFFFF&#8221; shape_margin=&#8221;15px|0px|0px|0px|false|false&#8221; text_padding_tablet=&#8221;||||false|false&#8221; text_padding_phone=&#8221;||||false|false&#8221; text_padding_last_edited=&#8221;on|phone&#8221; _builder_version=&#8221;4.23.4&#8243; _module_preset=&#8221;default&#8221; title_font=&#8221;Montserrat|600|||||||&#8221; title_text_color=&#8221;#FFFFFF&#8221; transform_scale_tablet=&#8221;&#8221; transform_scale_phone=&#8221;&#8221; transform_scale_last_edited=&#8221;on|desktop&#8221; transform_translate_tablet=&#8221;&#8221; transform_translate_phone=&#8221;0px|75%&#8221; transform_translate_last_edited=&#8221;on|phone&#8221; transform_translate_linked=&#8221;off&#8221; transform_rotate_tablet=&#8221;&#8221; transform_rotate_phone=&#8221;&#8221; transform_rotate_last_edited=&#8221;on|desktop&#8221; transform_skew_tablet=&#8221;&#8221; transform_skew_phone=&#8221;&#8221; transform_skew_last_edited=&#8221;on|desktop&#8221; transform_origin_tablet=&#8221;&#8221; transform_origin_phone=&#8221;&#8221; transform_origin_last_edited=&#8221;on|desktop&#8221; transform_styles_last_edited=&#8221;on|phone&#8221; custom_margin=&#8221;||||false|false&#8221; title_font_size_tablet=&#8221;&#8221; title_font_size_phone=&#8221;25px&#8221; title_font_size_last_edited=&#8221;on|desktop&#8221; transform_styles_tablet=&#8221;&#8221; transform_styles_phone=&#8221;&#8221; global_colors_info=&#8221;{}&#8221;][\/ba_advanced_divider][\/et_pb_column][\/et_pb_row][\/et_pb_section][et_pb_section fb_built=&#8221;1&#8243; _builder_version=&#8221;4.23.4&#8243; _module_preset=&#8221;default&#8221; global_colors_info=&#8221;{}&#8221;][et_pb_row _builder_version=&#8221;4.23.4&#8243; _module_preset=&#8221;default&#8221; width=&#8221;100%&#8221; max_width=&#8221;1280px&#8221; global_colors_info=&#8221;{}&#8221;][et_pb_column type=&#8221;4_4&#8243; _builder_version=&#8221;4.23.4&#8243; _module_preset=&#8221;default&#8221; global_colors_info=&#8221;{}&#8221;][et_pb_text _builder_version=&#8221;4.23.4&#8243; _module_preset=&#8221;default&#8221; text_font=&#8221;Montserrat|700|||||||&#8221; text_text_color=&#8221;#003D5B&#8221; text_font_size=&#8221;18px&#8221; text_font_size_tablet=&#8221;18px&#8221; text_font_size_phone=&#8221;16px&#8221; text_font_size_last_edited=&#8221;on|phone&#8221; global_colors_info=&#8221;{}&#8221;]<\/p>\n<p style=\"text-align: center;\"><strong><u>INFORMATION ON THE COLLECTION AND PROCESSING OF PERSONAL DATA (PRIVACY POLICY)<\/u><\/strong><\/p>\n<p>[\/et_pb_text][\/et_pb_column][\/et_pb_row][et_pb_row _builder_version=&#8221;4.23.4&#8243; _module_preset=&#8221;default&#8221; global_colors_info=&#8221;{}&#8221;][et_pb_column type=&#8221;4_4&#8243; _builder_version=&#8221;4.23.4&#8243; _module_preset=&#8221;default&#8221; global_colors_info=&#8221;{}&#8221;][et_pb_text _builder_version=&#8221;4.27.6&#8243; _module_preset=&#8221;default&#8221; text_font=&#8221;Montserrat|500|||||||&#8221; text_text_color=&#8221;#003D5B&#8221; text_font_size=&#8221;15px&#8221; header_6_font=&#8221;Montserrat|700|||||||&#8221; header_6_font_size=&#8221;18px&#8221; global_colors_info=&#8221;{}&#8221;]<\/p>\n<p>This information is provided in accordance with the provisions of the Law on Personal Data Protection (Official Gazette of the Republic of Serbia No. 87\/2018) (\u201cthe Law\u201d).<\/p>\n<p><strong><\/strong><\/p>\n<h6><strong>DATA CONTROLLER<\/strong><strong><br \/><\/strong><\/h6>\n<p><strong><\/strong><\/p>\n<p>We are the HEROES OF THE BELGRADE MARATHON FOUNDATION, with its registered office at Dr Ive Popovi\u0107a \u0110anija 3a, Belgrade (Savski Venac), Republic of Serbia, registration number 28834276 (hereinafter referred to as the \u201cController\u201d or \u201cWe\u201d).<\/p>\n<p>The Controller is aware and understands that privacy is of great importance to you, and therefore we take the protection of personal data very seriously. Accordingly, as the Controller, by creating this Privacy Policy we aim to make the processing of your personal data transparent and understandable.<br \/>The Controller is the entity that determines the purpose and means of data processing, and in cases where two or more controllers jointly determine the purpose and means of processing, they are considered joint controllers.  <\/p>\n<p>In this Privacy Policy, we explain how, in our capacity as the Controller, we collect, process, and use your personal data, as well as how you can exercise the rights you have as a data subject.<br \/>This Privacy Policy applies to all individuals who access our website www.herojibeogradskogmaratona.rs<br \/> (hereinafter: the Website), make donations or contributions, etc. <\/p>\n<p>This Privacy Policy, together with our Cookie Policy, contains information that relates to you or may relate to you. Therefore, we recommend that you read them carefully in order to obtain all the necessary information regarding the processing and protection of your personal data. <\/p>\n<p>If you have any questions regarding this Privacy Policy, please contact us at info@herojibeogradskogmaratona.rs<\/p>\n<p><strong><\/strong><\/p>\n<p><strong><\/strong><\/p>\n<h6><strong>PERSONAL DATA WE COLLECT<\/strong><\/h6>\n<p><strong><\/strong><\/p>\n<p>Personal data is any information relating to a natural person whose identity is determined or identifiable, directly or indirectly, in particular on the basis of an identifier such as a name and identification number, location data, identifiers in electronic communication networks, or one or more factors specific to their physical, physiological, genetic, mental, economic, cultural, or social identity.<\/p>\n<p>The Controller may collect, process, store, and transfer different types of your personal data, which we have grouped as follows:<\/p>\n<p>\u201cIdentity Data\u201d includes first and last name, address, and city.<\/p>\n<p>\u201cContact Data\u201d includes email address and telephone numbers.<\/p>\n<p>\u201cTransaction Data\u201d includes details about payments you have made to us (e.g., when making a donation), including information about your bank accounts or cards used to make such payments to us.<\/p>\n<p>\u201cTechnical Data\u201d includes the Internet Protocol (IP) address, browser type and version, and other data\/technologies on the devices you use to access our Website.<\/p>\n<p><strong> <\/strong><\/p>\n<h6><strong>HOW WE COLLECT YOUR PERSONAL DATA<\/strong><\/h6>\n<p><strong><\/strong><\/p>\n<p>We use various methods to collect data from you and about you, including:<\/p>\n<p>Automated technologies or interactions. While you interact with the Website, we may automatically collect technical data about your equipment, browsing actions, and usage patterns. We collect this personal data using cookies, server logs, and other similar technologies. Please see our Cookie Policy for more details.   <\/p>\n<p>&nbsp;<\/p>\n<h6><strong>HOW WE USE YOUR PERSONAL DATA<\/strong><\/h6>\n<p><strong><\/strong><\/p>\n<p>Va\u0161e li\u010dne podatke \u0107emo koristiti samo kada i kako nam to Zakon dozvoljava. Naj\u010de\u0161\u0107e \u0107emo koristiti Va\u0161e podatke o li\u010dnosti u slede\u0107im pravnim osnovima: a) u cilju po\u0161tovanja pravnih obaveza koje imamo kao Rukovalac, b) kada je to neophodno za na\u0161e legitimne interese (ili interese tre\u0107e strane) a Va\u0161i interesi i osnovna prava ne prevladavaju nad tim interesima, c) kada smo dobili Va\u0161 punova\u017ean pristanak za obradu podataka o li\u010dnosti.    <\/p>\n<p>Please contact us to learn more about the legal bases we apply for processing your personal data.<\/p>\n<p>[\/et_pb_text][et_pb_text _builder_version=&#8221;4.23.4&#8243; _module_preset=&#8221;default&#8221; text_font=&#8221;Montserrat|500|||||||&#8221; text_text_color=&#8221;#003D5B&#8221; text_font_size=&#8221;15px&#8221; header_6_font=&#8221;Montserrat|700|||||||&#8221; header_6_font_size=&#8221;18px&#8221; custom_margin=&#8221;||||false|false&#8221; custom_padding=&#8221;||0px||false|false&#8221; global_colors_info=&#8221;{}&#8221;]<\/p>\n<h6><strong>PURPOSES FOR WHICH WE USE YOUR PERSONAL DATA<\/strong><\/h6>\n<p>[\/et_pb_text][\/et_pb_column][\/et_pb_row][et_pb_row disabled_on=&#8221;on|on|off&#8221; _builder_version=&#8221;4.23.4&#8243; _module_preset=&#8221;default&#8221; custom_margin=&#8221;||||false|false&#8221; custom_padding=&#8221;0px||0px||false|false&#8221; global_colors_info=&#8221;{}&#8221;][et_pb_column type=&#8221;4_4&#8243; _builder_version=&#8221;4.23.4&#8243; _module_preset=&#8221;default&#8221; global_colors_info=&#8221;{}&#8221;][et_pb_text _builder_version=&#8221;4.23.4&#8243; _module_preset=&#8221;default&#8221; global_colors_info=&#8221;{}&#8221;]<\/p>\n<table width=\"699\">\n<tbody>\n<tr>\n<td width=\"175\">\n<p><strong>Purpose \/ Activity<\/strong><\/p>\n<\/td>\n<td width=\"175\">\n<p><strong>Type of Personal Data<\/strong><\/p>\n<\/td>\n<td width=\"175\">\n<p><strong>Legal Basis<\/strong><\/p>\n<\/td>\n<td width=\"175\">\n<p><strong>Retention Period<\/strong><\/p>\n<\/td>\n<\/tr>\n<tr>\n<td rowspan=\"2\" width=\"175\">\n<p>Receipt and processing of your donations, contributions, etc.<\/p>\n<\/td>\n<td width=\"175\">\n<p>Identity Data<\/p>\n<p>&nbsp;<\/p>\n<\/td>\n<td rowspan=\"2\" width=\"175\">\n<p>Compliance with the Controller\u2019s legal obligations<\/p>\n<\/td>\n<td rowspan=\"2\" width=\"175\">\n<p>For the duration of the statutory data retention obligation.<\/p>\n<\/td>\n<\/tr>\n<tr>\n<td width=\"175\">\n<p>Transaction Data<\/p>\n<p>&nbsp;<\/p>\n<\/td>\n<\/tr>\n<tr>\n<td width=\"175\">\n<p>Use of cookies<\/p>\n<p>(see Cookie Policy)<\/p>\n<p>&nbsp;<\/p>\n<\/td>\n<td width=\"175\">\n<p>Technical Data<\/p>\n<\/td>\n<td width=\"175\">\n<p>Your consent<\/p>\n<\/td>\n<td width=\"175\">\n<p>Until the withdrawal of consent.<\/p>\n<p>&nbsp;<\/p>\n<\/td>\n<\/tr>\n<\/tbody>\n<\/table>\n<p>[\/et_pb_text][\/et_pb_column][\/et_pb_row][et_pb_row column_structure=&#8221;1_4,1_4,1_4,1_4&#8243; use_custom_gutter=&#8221;on&#8221; gutter_width=&#8221;1&#8243; make_equal=&#8221;on&#8221; disabled_on=&#8221;off|off|on&#8221; _builder_version=&#8221;4.23.4&#8243; _module_preset=&#8221;default&#8221; width=&#8221;90%&#8221; width_tablet=&#8221;90%&#8221; width_phone=&#8221;85%&#8221; width_last_edited=&#8221;on|phone&#8221; custom_margin=&#8221;||||false|false&#8221; border_color_bottom=&#8221;#BABABA&#8221; global_colors_info=&#8221;{}&#8221;][et_pb_column type=&#8221;1_4&#8243; _builder_version=&#8221;4.23.4&#8243; _module_preset=&#8221;default&#8221; custom_padding=&#8221;0px|0px|0px|0px|false|false&#8221; global_colors_info=&#8221;{}&#8221;][et_pb_text _builder_version=&#8221;4.23.4&#8243; _module_preset=&#8221;default&#8221; text_font=&#8221;Montserrat||||||||&#8221; text_text_color=&#8221;#FFFFFF&#8221; background_color=&#8221;#003D5B&#8221; custom_margin=&#8221;||0px||false|false&#8221; custom_padding=&#8221;10px||10px|10px|false|false&#8221; border_radii=&#8221;off|5px|5px||&#8221; global_colors_info=&#8221;{}&#8221;]<\/p>\n<p><strong>Purpose \/ Activity<\/strong><\/p>\n<p>[\/et_pb_text][et_pb_text _builder_version=&#8221;4.23.4&#8243; _module_preset=&#8221;default&#8221; custom_margin=&#8221;0px||0px||false|false&#8221; custom_padding=&#8221;10px||10px|10px|false|false&#8221; border_width_top=&#8221;2px&#8221; border_color_top=&#8221;#BABABA&#8221; border_width_right=&#8221;2px&#8221; border_color_right=&#8221;#BABABA&#8221; border_width_left=&#8221;2px&#8221; border_color_left=&#8221;#BABABA&#8221; global_colors_info=&#8221;{}&#8221;]<\/p>\n<p>Receipt and processing of your donations, contributions, etc.<\/p>\n<p>[\/et_pb_text][et_pb_text _builder_version=&#8221;4.27.6&#8243; _module_preset=&#8221;default&#8221; link_font=&#8221;Montserrat||||||||&#8221; custom_padding=&#8221;10px||10px|10px|false|false&#8221; hover_enabled=&#8221;0&#8243; border_radii=&#8221;off|||5px|5px&#8221; border_width_all=&#8221;2px&#8221; border_color_all=&#8221;#BABABA&#8221; global_colors_info=&#8221;{}&#8221; sticky_enabled=&#8221;0&#8243;]<\/p>\n<p>Use of cookies<\/p>\n<p>(see Cookie Policy)<\/p>\n<p>[\/et_pb_text][\/et_pb_column][et_pb_column type=&#8221;1_4&#8243; _builder_version=&#8221;4.23.4&#8243; _module_preset=&#8221;default&#8221; custom_padding=&#8221;0px|0px|0px|0px|false|false&#8221; global_colors_info=&#8221;{}&#8221;][et_pb_text _builder_version=&#8221;4.23.4&#8243; _module_preset=&#8221;default&#8221; text_font=&#8221;Montserrat||||||||&#8221; text_text_color=&#8221;#FFFFFF&#8221; background_color=&#8221;#003D5B&#8221; custom_margin=&#8221;||0px||false|false&#8221; custom_padding=&#8221;10px||10px|10px|false|false&#8221; border_radii=&#8221;off|5px|5px||&#8221; global_colors_info=&#8221;{}&#8221;]<\/p>\n<p><strong>Type of Personal Data<\/strong><\/p>\n<p>[\/et_pb_text][et_pb_text _builder_version=&#8221;4.23.4&#8243; _module_preset=&#8221;default&#8221; custom_margin=&#8221;0px||0px||false|false&#8221; custom_padding=&#8221;10px||10px|10px|false|false&#8221; border_width_top=&#8221;1px&#8221; border_color_top=&#8221;#BABABA&#8221; border_width_right=&#8221;2px&#8221; border_color_right=&#8221;#BABABA&#8221; border_width_left=&#8221;2px&#8221; border_color_left=&#8221;#BABABA&#8221; global_colors_info=&#8221;{}&#8221;]<\/p>\n<p>Identity Data<\/p>\n<p>[\/et_pb_text][et_pb_text _builder_version=&#8221;4.23.4&#8243; _module_preset=&#8221;default&#8221; custom_margin=&#8221;0px||0px||false|false&#8221; custom_padding=&#8221;10px||10px|10px|false|false&#8221; border_width_top=&#8221;2px&#8221; border_color_top=&#8221;#BABABA&#8221; border_width_right=&#8221;2px&#8221; border_color_right=&#8221;#BABABA&#8221; border_width_left=&#8221;2px&#8221; border_color_left=&#8221;#BABABA&#8221; global_colors_info=&#8221;{}&#8221;]<\/p>\n<p>Transaction Data<\/p>\n<p>[\/et_pb_text][et_pb_text _builder_version=&#8221;4.23.4&#8243; _module_preset=&#8221;default&#8221; link_font=&#8221;Montserrat||||||||&#8221; custom_padding=&#8221;10px||10px|10px|false|false&#8221; border_radii=&#8221;off|||5px|5px&#8221; border_width_all=&#8221;2px&#8221; border_color_all=&#8221;#BABABA&#8221; border_width_right=&#8221;2px&#8221; border_width_left=&#8221;2px&#8221; global_colors_info=&#8221;{}&#8221;]<\/p>\n<p>Technical Data<\/p>\n<p>[\/et_pb_text][\/et_pb_column][et_pb_column type=&#8221;1_4&#8243; _builder_version=&#8221;4.23.4&#8243; _module_preset=&#8221;default&#8221; custom_padding=&#8221;0px|0px|0px|0px|false|false&#8221; global_colors_info=&#8221;{}&#8221;][et_pb_text _builder_version=&#8221;4.23.4&#8243; _module_preset=&#8221;default&#8221; text_font=&#8221;Montserrat||||||||&#8221; text_text_color=&#8221;#FFFFFF&#8221; background_color=&#8221;#003D5B&#8221; custom_margin=&#8221;||0px||false|false&#8221; custom_padding=&#8221;10px||10px|10px|false|false&#8221; border_radii=&#8221;off|5px|5px||&#8221; global_colors_info=&#8221;{}&#8221;]<\/p>\n<p><strong>Legal Basis<\/strong><\/p>\n<p>[\/et_pb_text][et_pb_text _builder_version=&#8221;4.23.4&#8243; _module_preset=&#8221;default&#8221; custom_margin=&#8221;0px||0px||false|false&#8221; custom_padding=&#8221;10px||10px|10px|false|false&#8221; border_width_top=&#8221;2px&#8221; border_color_top=&#8221;#BABABA&#8221; border_width_right=&#8221;2px&#8221; border_color_right=&#8221;#BABABA&#8221; border_width_left=&#8221;2px&#8221; border_color_left=&#8221;#BABABA&#8221; global_colors_info=&#8221;{}&#8221;]<\/p>\n<p>Compliance with the Controller\u2019s legal obligations<\/p>\n<p>[\/et_pb_text][et_pb_text _builder_version=&#8221;4.23.4&#8243; _module_preset=&#8221;default&#8221; link_font=&#8221;Montserrat||||||||&#8221; custom_padding=&#8221;10px||10px|10px|false|false&#8221; border_radii=&#8221;off|||5px|5px&#8221; border_width_all=&#8221;2px&#8221; border_color_all=&#8221;#BABABA&#8221; global_colors_info=&#8221;{}&#8221;]<\/p>\n<p>Your consent<\/p>\n<p>[\/et_pb_text][\/et_pb_column][et_pb_column type=&#8221;1_4&#8243; _builder_version=&#8221;4.23.4&#8243; _module_preset=&#8221;default&#8221; custom_padding=&#8221;0px|0px|0px|0px|false|false&#8221; global_colors_info=&#8221;{}&#8221;][et_pb_text _builder_version=&#8221;4.23.4&#8243; _module_preset=&#8221;default&#8221; text_font=&#8221;Montserrat||||||||&#8221; text_text_color=&#8221;#FFFFFF&#8221; background_color=&#8221;#003D5B&#8221; custom_margin=&#8221;||0px||false|false&#8221; custom_padding=&#8221;10px||10px|10px|false|false&#8221; border_radii=&#8221;off|5px|5px||&#8221; global_colors_info=&#8221;{}&#8221;]<\/p>\n<p><strong>Retention Period<\/strong><\/p>\n<p>[\/et_pb_text][et_pb_text _builder_version=&#8221;4.23.4&#8243; _module_preset=&#8221;default&#8221; custom_margin=&#8221;0px||0px||false|false&#8221; custom_padding=&#8221;10px||10px|10px|false|false&#8221; border_width_top=&#8221;2px&#8221; border_color_top=&#8221;#BABABA&#8221; border_width_right=&#8221;2px&#8221; border_color_right=&#8221;#BABABA&#8221; border_width_left=&#8221;2px&#8221; border_color_left=&#8221;#BABABA&#8221; global_colors_info=&#8221;{}&#8221;]<\/p>\n<p>For the duration of the statutory data retention obligation.<\/p>\n<p>[\/et_pb_text][et_pb_text _builder_version=&#8221;4.23.4&#8243; _module_preset=&#8221;default&#8221; link_font=&#8221;Montserrat||||||||&#8221; custom_padding=&#8221;10px||10px|10px|false|false&#8221; border_radii=&#8221;off|||5px|5px&#8221; border_width_all=&#8221;2px&#8221; border_color_all=&#8221;#BABABA&#8221; global_colors_info=&#8221;{}&#8221;]<\/p>\n<p>Until the withdrawal of consent.<\/p>\n<p>[\/et_pb_text][\/et_pb_column][\/et_pb_row][et_pb_row _builder_version=&#8221;4.23.4&#8243; _module_preset=&#8221;default&#8221; global_colors_info=&#8221;{}&#8221;][et_pb_column type=&#8221;4_4&#8243; _builder_version=&#8221;4.23.4&#8243; _module_preset=&#8221;default&#8221; global_colors_info=&#8221;{}&#8221;][et_pb_text _builder_version=&#8221;4.23.4&#8243; _module_preset=&#8221;default&#8221; text_font=&#8221;Montserrat|500|||||||&#8221; text_text_color=&#8221;#003D5B&#8221; text_font_size=&#8221;15px&#8221; header_6_font=&#8221;Montserrat|700|||||||&#8221; header_6_font_size=&#8221;18px&#8221; global_colors_info=&#8221;{}&#8221;]<\/p>\n<p>If we intend to process your personal data for purposes other than those stated above, we will provide you with all necessary information in accordance with the Law before initiating such processing.<\/p>\n<p><strong><\/strong><\/p>\n<h6><strong>HOW LONG WE KEEP YOUR PERSONAL DATA<\/strong><\/h6>\n<p><strong><\/strong><\/p>\n<p>We will retain your personal data only for as long as necessary to fulfill the purposes for which we collected it, particularly for the purpose of complying with legal obligations.<br \/>When determining the appropriate retention period for personal data, we consider the amount, nature, and sensitivity of the personal data, the potential risk of harm from unauthorized use or disclosure of personal data, the purposes for which we process personal data and whether we can achieve those purposes through other means, as well as the applicable legal requirements.<br \/>Details about retention periods for different purposes of processing your personal data are provided in the table within the section \u201cPurposes for Which We Use Your Personal Data.\u201d  <\/p>\n<p><strong><\/strong><\/p>\n<h6><strong>RECIPIENTS AND CATEGORIES OF RECIPIENTS<\/strong><\/h6>\n<p><strong><\/strong><\/p>\n<p>The Controller may disclose your personal data to processors with whom it has concluded data processing agreements and who process your data on behalf of the Controller for the purposes of achieving the above-mentioned processing purposes.<\/p>\n<p>For example, processors engaged (or that may be engaged) by the Controller include:<br \/>1. companies (service providers) related to the maintenance of the Website or the application used on the Website, and<br \/>2. business banks with which we cooperate and with which there is a direct integration for the purpose of enabling payments by payment card and via QR code.  <\/p>\n<p><strong><\/strong><\/p>\n<h6><strong>TRANSFER OF PERSONAL DATA OUTSIDE THE TERRITORY OF THE REPUBLIC OF SERBIA<\/strong><\/h6>\n<p><strong><\/strong><\/p>\n<p>Your personal data is stored at the premises of the Controller as well as on servers located in the Federal Republic of Germany.<\/p>\n<p>The Controller will continuously ensure that any transfer of your personal data outside the Republic of Serbia is carried out exclusively in accordance with the Law and with the provision of an adequate level of protection equivalent to the level guaranteed by the Law. This includes, among other things, transfers of data to countries that have been determined to provide an adequate level of protection (members of the Council of Europe Convention for the Protection of Individuals with regard to Automatic Processing of Personal Data) or by ensuring appropriate safeguards (e.g., the application of standard contractual clauses, approval of the Commissioner for data transfer, and similar measures) in accordance with the Law.<br \/>If you would like to learn more about these measures, you may contact us via email or send a written request to the address listed in the \u201cController\u201d section. <\/p>\n<p>[\/et_pb_text][\/et_pb_column][\/et_pb_row][\/et_pb_section]<\/p>\n","protected":false},"excerpt":{"rendered":"<p><div class=\"et_pb_with_border et_pb_module ba_advanced_divider ba_advanced_divider_0\">\n\t\t\t\t\n\t\t\t\t\n\t\t\t\t\n\t\t\t\t\n\t\t\t\t\n\t\t\t\t\n\t\t\t\t<div class=\"et_pb_module_inner\">\n\t\t\t\t\t<div class=\"dtq-module dtq-divider\">\n                \n                <h1 class=\"dtq-divider__element dtq-divider__text\"><span>Privacy Policy<\/span><\/h1>\n                \n                <div class=\"dtq-divider__shape\"><svg xmlns=\"http:\/\/www.w3.org\/2000\/svg\" xmlns:xlink=\"http:\/\/www.w3.org\/1999\/xlink\" x=\"0px\" y=\"0px\"\nviewBox=\"0 0 300 37\" style=\"enable-background:new 0 0 300 37;\" xml:space=\"preserve\">\n<g>\n<g>\n   <g>\n\n           <line style=\"fill:none;stroke:#000000;stroke-width:0.4;stroke-linecap:round;stroke-miterlimit:10;\" x1=\"121.5\" y1=\"18.5\" x2=\"9.2\" y2=\"18.5\"\/>\n   <\/g>\n   <path style=\"fill:none;stroke:#000000;stroke-width:0.4;stroke-linecap:round;stroke-miterlimit:10;\" d=\"M4,18.5\n       c0-1.4,1.1-2.6,2.6-2.6s2.6,1.1,2.6,2.6c0,1.4-1.1,2.6-2.6,2.6S4,19.9,4,18.5z\"\/>\n<\/g>\n<g>\n   <g>\n\n           <line style=\"fill:none;stroke:#000000;stroke-width:0.4;stroke-linecap:round;stroke-miterlimit:10;\" x1=\"290.9\" y1=\"18.5\" x2=\"178.7\" y2=\"18.5\"\/>\n   <\/g>\n   <path style=\"fill:none;stroke:#000000;stroke-width:0.4;stroke-linecap:round;stroke-miterlimit:10;\" d=\"M290.9,18.5\n       c0-1.4,1.1-2.6,2.6-2.6c1.4,0,2.6,1.1,2.6,2.6c0,1.4-1.1,2.6-2.6,2.6C292,21.1,290.9,19.9,290.9,18.5z\"\/>\n<\/g>\n<g>\n   <path style=\"fill:none;stroke:#000000;stroke-width:0.4;stroke-linecap:round;stroke-miterlimit:10;\" d=\"M167.9,21.2\n       c-2.7,0.7-5.4-1-6-3.6c-0.4-1.8-0.2-3.6,0.8-5.2c0.9-1.6,2.4-2.7,4.2-3.1c2.5-0.6,5-0.2,7.2,1.1s3.7,3.4,4.3,5.8\n       c1.8,7.1-2.6,14.3-9.7,16.1c-1.5,0.4-3,0.6-4.5,0.6c-3.4,0-6.7-0.9-9.6-2.7c-1.7-1-3.2-2.3-4.5-3.8c-4.5,5.2-11.5,7.7-18.5,5.9\n       c-7.1-1.8-11.4-9-9.7-16.1c0.6-2.5,2.1-4.5,4.3-5.8c2.2-1.3,4.7-1.7,7.2-1.1c1.8,0.4,3.3,1.5,4.2,3.1c0.9,1.6,1.2,3.4,0.8,5.2\n       c-0.7,2.7-3.4,4.3-6,3.6 M149.8,4.2c-4.4,7.6-2.5,14.1-2.4,14.1c0.5,2.1,1.4,4.1,2.6,5.8c1.2-1.7,2.2-3.7,2.8-5.8\n       C154.6,12.1,151.2,6.2,149.8,4.2z\"\/>\n<\/g>\n<\/g>\n<\/svg><\/div>\n            <\/div>\n\t\t\t\t<\/div>\n\t\t\t<\/div>INFORMATION ON THE COLLECTION AND PROCESSING OF PERSONAL DATA (PRIVACY POLICY)This information is provided [&hellip;]<\/p>\n","protected":false},"author":1,"featured_media":0,"parent":0,"menu_order":0,"comment_status":"closed","ping_status":"closed","template":"","meta":{"_et_pb_use_builder":"on","_et_pb_old_content":"","_et_gb_content_width":"","footnotes":""},"difl_page_category":[],"class_list":["post-2068","page","type-page","status-publish","hentry"],"_links":{"self":[{"href":"https:\/\/herojibeogradskogmaratona.rs\/en\/wp-json\/wp\/v2\/pages\/2068","targetHints":{"allow":["GET"]}}],"collection":[{"href":"https:\/\/herojibeogradskogmaratona.rs\/en\/wp-json\/wp\/v2\/pages"}],"about":[{"href":"https:\/\/herojibeogradskogmaratona.rs\/en\/wp-json\/wp\/v2\/types\/page"}],"author":[{"embeddable":true,"href":"https:\/\/herojibeogradskogmaratona.rs\/en\/wp-json\/wp\/v2\/users\/1"}],"replies":[{"embeddable":true,"href":"https:\/\/herojibeogradskogmaratona.rs\/en\/wp-json\/wp\/v2\/comments?post=2068"}],"version-history":[{"count":2,"href":"https:\/\/herojibeogradskogmaratona.rs\/en\/wp-json\/wp\/v2\/pages\/2068\/revisions"}],"predecessor-version":[{"id":2070,"href":"https:\/\/herojibeogradskogmaratona.rs\/en\/wp-json\/wp\/v2\/pages\/2068\/revisions\/2070"}],"wp:attachment":[{"href":"https:\/\/herojibeogradskogmaratona.rs\/en\/wp-json\/wp\/v2\/media?parent=2068"}],"wp:term":[{"taxonomy":"difl_page_category","embeddable":true,"href":"https:\/\/herojibeogradskogmaratona.rs\/en\/wp-json\/wp\/v2\/difl_page_category?post=2068"}],"curies":[{"name":"wp","href":"https:\/\/api.w.org\/{rel}","templated":true}]}}