{"id":2060,"date":"2024-01-23T12:52:35","date_gmt":"2024-01-23T11:52:35","guid":{"rendered":"https:\/\/herojibeogradskogmaratona.rs\/cookie-policy\/"},"modified":"2026-03-09T15:20:07","modified_gmt":"2026-03-09T14:20:07","slug":"cookie-policy","status":"publish","type":"page","link":"https:\/\/herojibeogradskogmaratona.rs\/en\/cookie-policy\/","title":{"rendered":"Cookie Policy"},"content":{"rendered":"<p>[et_pb_section fb_built=&#8221;1&#8243; _builder_version=&#8221;4.23.1&#8243; _module_preset=&#8221;default&#8221; use_background_color_gradient=&#8221;on&#8221; background_color_gradient_direction=&#8221;147deg&#8221; background_color_gradient_stops=&#8221;#2b87da 0%|#29c4a9 99%&#8221; min_height=&#8221;300px&#8221; min_height_tablet=&#8221;300px&#8221; min_height_phone=&#8221;300px&#8221; min_height_last_edited=&#8221;on|phone&#8221; custom_css_main_element=&#8221;display: flex;&#8221; global_colors_info=&#8221;{}&#8221;][et_pb_row _builder_version=&#8221;4.23.1&#8243; _module_preset=&#8221;default&#8221; global_colors_info=&#8221;{}&#8221;][et_pb_column type=&#8221;4_4&#8243; _builder_version=&#8221;4.23.1&#8243; _module_preset=&#8221;default&#8221; global_colors_info=&#8221;{}&#8221;][ba_advanced_divider active_element=&#8221;text&#8221; title=&#8221;COOKIE POLICY&#8221; text_padding=&#8221;||||false|false&#8221; text_background=&#8221;RGBA(255,255,255,0)&#8221; use_shape=&#8221;on&#8221; shape_weight=&#8221;3&#8243; shape_color=&#8221;#FFFFFF&#8221; shape_margin=&#8221;15px|0px|0px|0px|false|false&#8221; text_padding_tablet=&#8221;||||false|false&#8221; text_padding_phone=&#8221;||||false|false&#8221; text_padding_last_edited=&#8221;on|phone&#8221; _builder_version=&#8221;4.23.4&#8243; _module_preset=&#8221;default&#8221; title_font=&#8221;Montserrat|600|||||||&#8221; title_text_color=&#8221;#FFFFFF&#8221; custom_margin=&#8221;||||false|false&#8221; hover_enabled=&#8221;0&#8243; global_colors_info=&#8221;{}&#8221; transform_translate_linked=&#8221;off&#8221; transform_styles_last_edited=&#8221;on|phone&#8221; transform_scale_last_edited=&#8221;on|phone&#8221; transform_translate_last_edited=&#8221;on|phone&#8221; transform_rotate_last_edited=&#8221;on|phone&#8221; transform_skew_last_edited=&#8221;on|phone&#8221; transform_origin_last_edited=&#8221;on|phone&#8221; transform_translate_phone=&#8221;0px|80%&#8221; sticky_enabled=&#8221;0&#8243; title_font_size=&#8221;25px&#8221;][\/ba_advanced_divider][\/et_pb_column][\/et_pb_row][\/et_pb_section][et_pb_section fb_built=&#8221;1&#8243; _builder_version=&#8221;4.23.4&#8243; _module_preset=&#8221;default&#8221; global_colors_info=&#8221;{}&#8221;][et_pb_row _builder_version=&#8221;4.23.4&#8243; _module_preset=&#8221;default&#8221;][et_pb_column _builder_version=&#8221;4.23.4&#8243; _module_preset=&#8221;default&#8221; type=&#8221;4_4&#8243;][et_pb_text _builder_version=&#8221;4.23.4&#8243; _module_preset=&#8221;default&#8221; sticky_enabled=&#8221;0&#8243; text_font=&#8221;Montserrat|700|||||||&#8221; text_text_color=&#8221;#003D5B&#8221; text_font_size=&#8221;18px&#8221; hover_enabled=&#8221;0&#8243;]<\/p>\n<p>COOKIES (Cookies)<\/p>\n<p>[\/et_pb_text][et_pb_text _builder_version=&#8221;4.23.4&#8243; _module_preset=&#8221;default&#8221; hover_enabled=&#8221;0&#8243; sticky_enabled=&#8221;0&#8243; text_font=&#8221;Montserrat||||||||&#8221; text_font_size=&#8221;15px&#8221; text_text_color=&#8221;#003D5B&#8221;]<\/p>\n<p>Rukovalac integri\u0161e i koristi kola\u010di\u0107e kako bi omogu\u0107io odre\u0111ene funkcije Veb stranice i integrisao spoljne veb usluge i time pobolj\u0161ao korisni\u010dko iskustvo. Takozvani &#8220;kola\u010di\u0107i&#8221; su male tekstualne datoteke koje Va\u0161 pretra\u017eiva\u010d mo\u017ee da uskladi\u0161ti na Va\u0161em pristupnom ure\u0111aju. <\/p>\n<p>You can set your browser to refuse all or some cookies, or to alert you when websites set or access cookies. If you disable or refuse cookies, please note that some parts of this website may become inaccessible or may not function properly. <\/p>\n<p>[\/et_pb_text][et_pb_text _builder_version=&#8221;4.23.4&#8243; _module_preset=&#8221;default&#8221; text_font=&#8221;Montserrat|500|||||||&#8221; text_font_size=&#8221;15px&#8221; text_text_color=&#8221;#003D5B&#8221; header_6_font=&#8221;Montserrat|700|||||||&#8221; header_6_font_size=&#8221;18px&#8221; header_6_text_color=&#8221;#003D5B&#8221; hover_enabled=&#8221;0&#8243; sticky_enabled=&#8221;0&#8243; link_font=&#8221;Montserrat|700|||on||||&#8221; link_font_size=&#8221;15px&#8221;]<\/p>\n<h6><strong><\/strong><\/h6>\n<h6><strong>AUTOMATED DECISION-MAKING<\/strong><\/h6>\n<p><strong><\/strong><\/p>\n<p>The Controller does not carry out automated decision-making in relation to this Information on the collection and processing of personal data.<\/p>\n<p>&nbsp;<\/p>\n<h6>HOW YOU CAN CHANGE YOUR COOKIE SETTINGS<\/h6>\n<p>&nbsp;<\/p>\n<p>You can control the placement of cookies on your device through the settings in your web browser. To change your cookie-related settings, please refer to the instructions at the following links: <\/p>\n<p>Internet Explorer \u2013 za uputstvo kliknite <a href=\"https:\/\/support.microsoft.com\/sr-latn-rs\/windows\/brisanje-kola%C4%8Di%C4%87a-i-upravljanje-kola%C4%8Di%C4%87ima-168dab11-0753-043d-7c16-ede5947fc64d\" target=\"_blank\" rel=\"noopener\">ovde<\/a><br \/>Google Chrome \u2013 za uputstvo kliknite <a href=\"https:\/\/support.google.com\/chrome\/answer\/95647?hl=sr-rs&amp;p=cpn_cookies\" target=\"_blank\" rel=\"noopener\">ovde<\/a><br \/>Mozilla Firefox \u2013 za uputstvo kliknite <a href=\"https:\/\/support.mozilla.org\/sr\/kb\/omogucavanje-i-onemogucavanje-kolacica\" target=\"_blank\" rel=\"noopener\">ovde<\/a><br \/>Safari \u2013 za uputestvo kliknite <a href=\"https:\/\/support.apple.com\/sr-rs\/guide\/safari\/sfri11471\/mac\" target=\"_blank\" rel=\"noopener\">ovde<\/a><\/p>\n<p>&nbsp;<\/p>\n<h6><strong>YOUR RIGHTS<\/strong><\/h6>\n<p>&nbsp;<\/p>\n<p>As a data subject, you have the right to be informed about the processing of your personal data, the right of access and inspection, the right to rectification, the right to erasure (the right to be forgotten), the right to restriction of processing, the right to data portability, and the right to object to the processing of personal data.<br \/>If you wish to exercise any of the above rights, please contact us via email or send a written request to the address listed in the \u201cController\u201d section. <\/p>\n<p>When your personal data is processed based on your previously given consent, you have the right to withdraw your consent at any time. In this regard, you may contact us via the above-mentioned email address or send a written request to the address listed in the \u201cController\u201d section.<br \/>Processing of data becomes unlawful after the withdrawal of consent; however, the withdrawal of consent does not affect the lawfulness of data processing based on consent given before its withdrawal. <\/p>\n<p>Ako smatrate da je obrada Va\u0161ih podataka vr\u0161ena suprotno odredbama Zakona, mo\u017eete podneti pritu\u017ebu Povereniku za informacije od javnog zna\u010daja i za\u0161titu podataka o li\u010dnosti, Bulevar kralja Aleksandra 15, 11120 Beograd (<strong>\u2019\u2019Poverenik\u2019\u2019<\/strong>).<\/p>\n<p>[\/et_pb_text][\/et_pb_column][\/et_pb_row][\/et_pb_section]<\/p>\n","protected":false},"excerpt":{"rendered":"<p><div class=\"et_pb_with_border et_pb_module ba_advanced_divider ba_advanced_divider_0\">\n\t\t\t\t\n\t\t\t\t\n\t\t\t\t\n\t\t\t\t\n\t\t\t\t\n\t\t\t\t\n\t\t\t\t<div class=\"et_pb_module_inner\">\n\t\t\t\t\t<div class=\"dtq-module dtq-divider\">\n                \n                <h1 class=\"dtq-divider__element dtq-divider__text\"><span>COOKIE POLICY<\/span><\/h1>\n                \n                <div class=\"dtq-divider__shape\"><svg xmlns=\"http:\/\/www.w3.org\/2000\/svg\" xmlns:xlink=\"http:\/\/www.w3.org\/1999\/xlink\" x=\"0px\" y=\"0px\"\n        viewBox=\"0 0 300 30\" style=\"enable-background:new 0 0 300 30;\" xml:space=\"preserve\">\n        <g>\n        <g>\n        <g>\n            <path style=\"fill:none;stroke:#000000;stroke-width:0.4;stroke-linecap:round;stroke-miterlimit:10;\" d=\"M121.5,14.4\n                C83.2,13.8,43,11.4,4,13.2\"\/>\n        <\/g>\n        <g>\n            <path style=\"fill:none;stroke:#000000;stroke-width:0.4;stroke-linecap:round;stroke-miterlimit:10;\" d=\"M178.5,15.2L178.5,15.2\n                c38.9,2.9,79.2,1.7,117.5,2.3\"\/>\n        <\/g>\n        <\/g>\n            <path style=\"fill:none;stroke:#000000;stroke-width:0.4;stroke-linecap:round;stroke-linejoin:round;stroke-miterlimit:10;\" d=\"\n            M161.2,6.2c-1.2-1.4-2.9-2.1-4.8-2.1c-2.6,0-4.2,1.6-5.2,2.9c-0.2,0.3-0.4,0.7-0.6,1c-0.2-0.3-0.4-0.7-0.6-1\n            c-0.9-1.3-2.6-2.9-5.2-2.9c-1.9,0-3.5,0.8-4.8,2.1c-1.2,1.3-1.8,3.1-1.8,5c0,2.1,0.8,4,2.5,6c1.5,1.8,3.8,3.7,6.3,5.9\n            c1,0.8,1.9,1.7,3,2.6l0,0c0.1,0.1,0.3,0.2,0.5,0.2c0.2,0,0.3-0.1,0.5-0.2l0,0c1.1-0.9,2-1.8,3-2.6c2.6-2.2,4.8-4.1,6.3-5.9\n            c1.7-2,2.5-4,2.5-6C163,9.3,162.3,7.6,161.2,6.2z\"\/>\n        <\/g>\n    <\/svg><\/div>\n            <\/div>\n\t\t\t\t<\/div>\n\t\t\t<\/div>COOKIES (Cookies)Rukovalac integri\u0161e i koristi kola\u010di\u0107e kako bi omogu\u0107io odre\u0111ene funkcije Veb stranice i integrisao spoljne veb usluge i time pobolj\u0161ao korisni\u010dko iskustvo. Takozvani &#8220;kola\u010di\u0107i&#8221; su [&hellip;]<\/p>\n","protected":false},"author":1,"featured_media":0,"parent":0,"menu_order":0,"comment_status":"closed","ping_status":"closed","template":"","meta":{"_et_pb_use_builder":"on","_et_pb_old_content":"","_et_gb_content_width":"","footnotes":""},"difl_page_category":[],"class_list":["post-2060","page","type-page","status-publish","hentry"],"_links":{"self":[{"href":"https:\/\/herojibeogradskogmaratona.rs\/en\/wp-json\/wp\/v2\/pages\/2060","targetHints":{"allow":["GET"]}}],"collection":[{"href":"https:\/\/herojibeogradskogmaratona.rs\/en\/wp-json\/wp\/v2\/pages"}],"about":[{"href":"https:\/\/herojibeogradskogmaratona.rs\/en\/wp-json\/wp\/v2\/types\/page"}],"author":[{"embeddable":true,"href":"https:\/\/herojibeogradskogmaratona.rs\/en\/wp-json\/wp\/v2\/users\/1"}],"replies":[{"embeddable":true,"href":"https:\/\/herojibeogradskogmaratona.rs\/en\/wp-json\/wp\/v2\/comments?post=2060"}],"version-history":[{"count":5,"href":"https:\/\/herojibeogradskogmaratona.rs\/en\/wp-json\/wp\/v2\/pages\/2060\/revisions"}],"predecessor-version":[{"id":2078,"href":"https:\/\/herojibeogradskogmaratona.rs\/en\/wp-json\/wp\/v2\/pages\/2060\/revisions\/2078"}],"wp:attachment":[{"href":"https:\/\/herojibeogradskogmaratona.rs\/en\/wp-json\/wp\/v2\/media?parent=2060"}],"wp:term":[{"taxonomy":"difl_page_category","embeddable":true,"href":"https:\/\/herojibeogradskogmaratona.rs\/en\/wp-json\/wp\/v2\/difl_page_category?post=2060"}],"curies":[{"name":"wp","href":"https:\/\/api.w.org\/{rel}","templated":true}]}}