{"id":2054,"date":"2023-11-30T18:19:42","date_gmt":"2023-11-30T17:19:42","guid":{"rendered":"https:\/\/herojibeogradskogmaratona.rs\/contact\/"},"modified":"2026-03-09T13:48:36","modified_gmt":"2026-03-09T12:48:36","slug":"contact","status":"publish","type":"page","link":"https:\/\/herojibeogradskogmaratona.rs\/en\/contact\/","title":{"rendered":"Contact"},"content":{"rendered":"<p>[et_pb_section fb_built=&#8221;1&#8243; _builder_version=&#8221;4.23.2&#8243; _module_preset=&#8221;default&#8221; use_background_color_gradient=&#8221;on&#8221; background_color_gradient_direction=&#8221;147deg&#8221; background_color_gradient_stops=&#8221;#2b87da 0%|#29c4a9 99%&#8221; min_height=&#8221;300px&#8221; min_height_tablet=&#8221;300px&#8221; min_height_phone=&#8221;300px&#8221; min_height_last_edited=&#8221;on|phone&#8221; custom_padding=&#8221;0px||0px||true|false&#8221; custom_css_main_element=&#8221;display: flex;&#8221; global_colors_info=&#8221;{}&#8221;][et_pb_row _builder_version=&#8221;4.23.1&#8243; _module_preset=&#8221;default&#8221; global_colors_info=&#8221;{}&#8221;][et_pb_column type=&#8221;4_4&#8243; _builder_version=&#8221;4.23.1&#8243; _module_preset=&#8221;default&#8221; global_colors_info=&#8221;{}&#8221;][et_pb_image src=&#8221;https:\/\/herojibeogradskogmaratona.rs\/wp-content\/uploads\/2023\/12\/532-kontakt-page-inner-hero-300&#215;145.png&#8221; title_text=&#8221;532 &#8211; kontakt page inner hero&#8221; align=&#8221;center&#8221; disabled_on=&#8221;on|off|off&#8221; _builder_version=&#8221;4.23.4&#8243; _module_preset=&#8221;default&#8221; transform_scale_tablet=&#8221;&#8221; transform_scale_phone=&#8221;&#8221; transform_scale_last_edited=&#8221;on|desktop&#8221; transform_translate=&#8221;0px|10%&#8221; transform_translate_tablet=&#8221;0px|10%&#8221; transform_translate_phone=&#8221;0px|10%&#8221; transform_translate_last_edited=&#8221;on|desktop&#8221; transform_translate_linked=&#8221;off&#8221; transform_rotate_tablet=&#8221;&#8221; transform_rotate_phone=&#8221;&#8221; transform_rotate_last_edited=&#8221;on|desktop&#8221; transform_skew_tablet=&#8221;&#8221; transform_skew_phone=&#8221;&#8221; transform_skew_last_edited=&#8221;on|desktop&#8221; transform_origin_tablet=&#8221;&#8221; transform_origin_phone=&#8221;&#8221; transform_origin_last_edited=&#8221;on|desktop&#8221; transform_styles_last_edited=&#8221;on|desktop&#8221; transform_styles_tablet=&#8221;&#8221; transform_styles_phone=&#8221;&#8221; global_colors_info=&#8221;{}&#8221;][\/et_pb_image][ba_advanced_divider active_element=&#8221;text&#8221; title=&#8221;Contact&#8221; text_padding=&#8221;||||false|false&#8221; text_background=&#8221;RGBA(255,255,255,0)&#8221; use_shape=&#8221;on&#8221; shape_weight=&#8221;3&#8243; shape_color=&#8221;#FFFFFF&#8221; shape_margin=&#8221;15px|0px|0px|0px|false|false&#8221; text_padding_tablet=&#8221;||||false|false&#8221; text_padding_phone=&#8221;|||0%|false|false&#8221; text_padding_last_edited=&#8221;on|phone&#8221; _builder_version=&#8221;4.23.4&#8243; _module_preset=&#8221;default&#8221; title_font=&#8221;Montserrat|600|||||||&#8221; title_text_color=&#8221;#FFFFFF&#8221; transform_scale_tablet=&#8221;&#8221; transform_scale_phone=&#8221;&#8221; transform_scale_last_edited=&#8221;on|phone&#8221; transform_translate=&#8221;0px|-20%&#8221; transform_translate_tablet=&#8221;&#8221; transform_translate_phone=&#8221;0%|70%&#8221; transform_translate_last_edited=&#8221;on|desktop&#8221; transform_translate_linked=&#8221;off&#8221; transform_translate_linked_phone=&#8221;off&#8221; transform_rotate_tablet=&#8221;&#8221; transform_rotate_phone=&#8221;&#8221; transform_rotate_last_edited=&#8221;on|phone&#8221; transform_skew_tablet=&#8221;&#8221; transform_skew_phone=&#8221;&#8221; transform_skew_last_edited=&#8221;on|phone&#8221; transform_origin_tablet=&#8221;&#8221; transform_origin_phone=&#8221;&#8221; transform_origin_last_edited=&#8221;on|phone&#8221; transform_styles_last_edited=&#8221;on|desktop&#8221; custom_margin=&#8221;||||false|false&#8221; custom_padding=&#8221;0px||6px||false|false&#8221; transform_styles_tablet=&#8221;&#8221; transform_styles_phone=&#8221;&#8221; global_colors_info=&#8221;{}&#8221;][\/ba_advanced_divider][\/et_pb_column][\/et_pb_row][\/et_pb_section][et_pb_section fb_built=&#8221;1&#8243; _builder_version=&#8221;4.23.1&#8243; _module_preset=&#8221;default&#8221; background_color=&#8221;#F9F9F9&#8243; global_colors_info=&#8221;{}&#8221;][et_pb_row column_structure=&#8221;1_2,1_2&#8243; _builder_version=&#8221;4.23.2&#8243; _module_preset=&#8221;default&#8221; width=&#8221;90%&#8221; max_width=&#8221;1280px&#8221; global_colors_info=&#8221;{}&#8221;][et_pb_column type=&#8221;1_2&#8243; _builder_version=&#8221;4.23.1&#8243; _module_preset=&#8221;default&#8221; global_colors_info=&#8221;{}&#8221;][et_pb_text _builder_version=&#8221;4.23.1&#8243; _module_preset=&#8221;default&#8221; text_font=&#8221;Montserrat||||||||&#8221; text_text_color=&#8221;#FFFFFF&#8221; text_font_size=&#8221;26px&#8221; text_letter_spacing=&#8221;1px&#8221; text_line_height=&#8221;1.8em&#8221; background_color=&#8221;#00A1E4&#8243; text_orientation=&#8221;center&#8221; custom_padding=&#8221;2px||2px||true|false&#8221; border_radii=&#8221;on|5px|5px|5px|5px&#8221; border_width_bottom=&#8221;1px&#8221; global_colors_info=&#8221;{}&#8221;]<\/p>\n<p>CONTACT US<\/p>\n<p>[\/et_pb_text][et_pb_contact_form email=&#8221;info@herojibeogradskogmaratona.rs, admin@herojibeogradskogmaratona.rs&#8221; custom_message=&#8221;You have received a message from %%Name%%||et_pb_line_break_holder||||et_pb_line_break_holder||Email address po\u0161iljaoca je %%Email address%%||et_pb_line_break_holder||||et_pb_line_break_holder||Subject of Inquiry po\u0161iljaoca je %%Subject%%||et_pb_line_break_holder||||et_pb_line_break_holder||Sadr\u017eaj poruke po\u0161iljaoca je:||et_pb_line_break_holder||||et_pb_line_break_holder||%%Poruka%%||et_pb_line_break_holder||||et_pb_line_break_holder||Kind regards,||et_pb_line_break_holder||%%Ime%%&#8221; submit_button_text=&#8221;SEND&#8221; _builder_version=&#8221;4.26.1&#8243; _module_preset=&#8221;default&#8221; _unique_id=&#8221;e9680e87-9919-467c-bc8c-bc9ef62e6a55&#8243; background_color=&#8221;RGBA(255,255,255,0)&#8221; custom_button=&#8221;on&#8221; button_text_size=&#8221;20px&#8221; button_text_color=&#8221;#00A1E4&#8243; button_border_radius=&#8221;5px&#8221; button_font=&#8221;Montserrat|500||on|||||&#8221; button_icon=&#8221;&#xe010;||divi||400&#8243; hover_enabled=&#8221;0&#8243; border_radii=&#8221;on|5px|5px|5px|5px&#8221; global_colors_info=&#8221;{}&#8221; button_text_color__hover_enabled=&#8221;on|desktop&#8221; button_text_color__hover=&#8221;#FFFFFF&#8221; button_bg_color__hover_enabled=&#8221;on|desktop&#8221; button_bg_color__hover=&#8221;#003D5B&#8221; button_bg_enable_color__hover=&#8221;on&#8221; sticky_enabled=&#8221;0&#8243;][et_pb_contact_field field_id=&#8221;Ime&#8221; field_title=&#8221;Full Name*&#8221; _builder_version=&#8221;4.23.1&#8243; form_field_background_color=&#8221;RGBA(255,255,255,0)&#8221; form_field_text_color=&#8221;#003D5B&#8221; form_field_focus_background_color=&#8221;#F9F9F9&#8243; form_field_focus_text_color=&#8221;#0D0F2B&#8221; form_field_font=&#8221;Montserrat|600||on|||||&#8221; form_field_font_size=&#8221;15px&#8221; form_field_letter_spacing=&#8221;0px&#8221; border_width_bottom=&#8221;2px&#8221; border_color_bottom=&#8221;#00A1E4&#8243; box_shadow_style=&#8221;preset2&#8243; box_shadow_horizontal=&#8221;1px&#8221; box_shadow_vertical=&#8221;1px&#8221; global_colors_info=&#8221;{}&#8221; button_text_size__hover_enabled=&#8221;off&#8221; button_one_text_size__hover_enabled=&#8221;off&#8221; button_two_text_size__hover_enabled=&#8221;off&#8221; button_text_color__hover_enabled=&#8221;off&#8221; button_one_text_color__hover_enabled=&#8221;off&#8221; button_two_text_color__hover_enabled=&#8221;off&#8221; button_border_width__hover_enabled=&#8221;off&#8221; button_one_border_width__hover_enabled=&#8221;off&#8221; button_two_border_width__hover_enabled=&#8221;off&#8221; button_border_color__hover_enabled=&#8221;off&#8221; button_one_border_color__hover_enabled=&#8221;off&#8221; button_two_border_color__hover_enabled=&#8221;off&#8221; button_border_radius__hover_enabled=&#8221;off&#8221; button_one_border_radius__hover_enabled=&#8221;off&#8221; button_two_border_radius__hover_enabled=&#8221;off&#8221; button_letter_spacing__hover_enabled=&#8221;off&#8221; button_one_letter_spacing__hover_enabled=&#8221;off&#8221; button_two_letter_spacing__hover_enabled=&#8221;off&#8221; button_bg_color__hover_enabled=&#8221;off&#8221; button_one_bg_color__hover_enabled=&#8221;off&#8221; button_two_bg_color__hover_enabled=&#8221;off&#8221; border_width_bottom__hover_enabled=&#8221;on|desktop&#8221; border_width_bottom__hover=&#8221;2px&#8221; transform_styles__hover_enabled=&#8221;on|hover&#8221; transform_scale__hover_enabled=&#8221;on|hover&#8221; transform_translate__hover_enabled=&#8221;on|desktop&#8221; transform_rotate__hover_enabled=&#8221;on|desktop&#8221; transform_skew__hover_enabled=&#8221;on|desktop&#8221; transform_origin__hover_enabled=&#8221;on|desktop&#8221; transform_scale__hover=&#8221;105%|105%&#8221;][\/et_pb_contact_field][et_pb_contact_field field_id=&#8221;Email&#8221; field_title=&#8221;Email Address*&#8221; field_type=&#8221;email&#8221; _builder_version=&#8221;4.23.1&#8243; form_field_background_color=&#8221;RGBA(255,255,255,0)&#8221; form_field_text_color=&#8221;#003D5B&#8221; form_field_focus_background_color=&#8221;#F9F9F9&#8243; form_field_focus_text_color=&#8221;#0D0F2B&#8221; form_field_font=&#8221;Montserrat|600||on|||||&#8221; form_field_font_size=&#8221;15px&#8221; form_field_letter_spacing=&#8221;0px&#8221; border_width_bottom=&#8221;2px&#8221; border_color_bottom=&#8221;#00A1E4&#8243; box_shadow_style=&#8221;preset2&#8243; box_shadow_horizontal=&#8221;1px&#8221; box_shadow_vertical=&#8221;1px&#8221; global_colors_info=&#8221;{}&#8221; button_text_size__hover_enabled=&#8221;off&#8221; button_one_text_size__hover_enabled=&#8221;off&#8221; button_two_text_size__hover_enabled=&#8221;off&#8221; button_text_color__hover_enabled=&#8221;off&#8221; button_one_text_color__hover_enabled=&#8221;off&#8221; button_two_text_color__hover_enabled=&#8221;off&#8221; button_border_width__hover_enabled=&#8221;off&#8221; button_one_border_width__hover_enabled=&#8221;off&#8221; button_two_border_width__hover_enabled=&#8221;off&#8221; button_border_color__hover_enabled=&#8221;off&#8221; button_one_border_color__hover_enabled=&#8221;off&#8221; button_two_border_color__hover_enabled=&#8221;off&#8221; button_border_radius__hover_enabled=&#8221;off&#8221; button_one_border_radius__hover_enabled=&#8221;off&#8221; button_two_border_radius__hover_enabled=&#8221;off&#8221; button_letter_spacing__hover_enabled=&#8221;off&#8221; button_one_letter_spacing__hover_enabled=&#8221;off&#8221; button_two_letter_spacing__hover_enabled=&#8221;off&#8221; button_bg_color__hover_enabled=&#8221;off&#8221; button_one_bg_color__hover_enabled=&#8221;off&#8221; button_two_bg_color__hover_enabled=&#8221;off&#8221; border_width_bottom__hover=&#8221;2px&#8221; border_width_bottom__hover_enabled=&#8221;on|desktop&#8221; transform_styles__hover_enabled=&#8221;on|hover&#8221; transform_scale__hover=&#8221;105%|105%&#8221; transform_scale__hover_enabled=&#8221;on|hover&#8221; transform_translate__hover_enabled=&#8221;on|desktop&#8221; transform_rotate__hover_enabled=&#8221;on|desktop&#8221; transform_skew__hover_enabled=&#8221;on|desktop&#8221; transform_origin__hover_enabled=&#8221;on|desktop&#8221;][\/et_pb_contact_field][et_pb_contact_field field_id=&#8221;Subject&#8221; field_title=&#8221;Subject of Inquiry&#8221; fullwidth_field=&#8221;on&#8221; _builder_version=&#8221;4.23.1&#8243; _module_preset=&#8221;default&#8221; form_field_background_color=&#8221;RGBA(255,255,255,0)&#8221; form_field_text_color=&#8221;#003D5B&#8221; form_field_focus_background_color=&#8221;#F9F9F9&#8243; form_field_focus_text_color=&#8221;#0D0F2B&#8221; form_field_font=&#8221;Montserrat|600||on|||||&#8221; form_field_font_size=&#8221;15px&#8221; form_field_letter_spacing=&#8221;0px&#8221; border_width_bottom=&#8221;2px&#8221; border_color_bottom=&#8221;#00A1E4&#8243; box_shadow_style=&#8221;preset2&#8243; box_shadow_horizontal=&#8221;1px&#8221; box_shadow_vertical=&#8221;1px&#8221; global_colors_info=&#8221;{}&#8221; border_width_bottom__hover=&#8221;2px&#8221; border_width_bottom__hover_enabled=&#8221;on|desktop&#8221; transform_styles__hover_enabled=&#8221;on|hover&#8221; transform_scale__hover=&#8221;105%|105%&#8221; transform_scale__hover_enabled=&#8221;on|hover&#8221; transform_translate__hover_enabled=&#8221;on|desktop&#8221; transform_rotate__hover_enabled=&#8221;on|desktop&#8221; transform_skew__hover_enabled=&#8221;on|desktop&#8221; transform_origin__hover_enabled=&#8221;on|desktop&#8221;][\/et_pb_contact_field][et_pb_contact_field field_id=&#8221;Message&#8221; field_title=&#8221;The sender&apos;s message:&#8221; field_type=&#8221;text&#8221; fullwidth_field=&#8221;on&#8221; _builder_version=&#8221;4.23.1&#8243; form_field_background_color=&#8221;RGBA(255,255,255,0)&#8221; form_field_text_color=&#8221;#003D5B&#8221; form_field_focus_background_color=&#8221;#F9F9F9&#8243; form_field_focus_text_color=&#8221;#0D0F2B&#8221; form_field_font=&#8221;Montserrat|600||on|||||&#8221; form_field_font_size=&#8221;15px&#8221; form_field_letter_spacing=&#8221;0px&#8221; background_color=&#8221;RGBA(255,255,255,0)&#8221; background_enable_color=&#8221;on&#8221; custom_padding=&#8221;||||false|false&#8221; border_width_bottom=&#8221;2px&#8221; border_color_bottom=&#8221;#00A1E4&#8243; box_shadow_style=&#8221;preset2&#8243; box_shadow_horizontal=&#8221;1px&#8221; box_shadow_vertical=&#8221;1px&#8221; global_colors_info=&#8221;{}&#8221; button_text_size__hover_enabled=&#8221;off&#8221; button_one_text_size__hover_enabled=&#8221;off&#8221; button_two_text_size__hover_enabled=&#8221;off&#8221; button_text_color__hover_enabled=&#8221;off&#8221; button_one_text_color__hover_enabled=&#8221;off&#8221; button_two_text_color__hover_enabled=&#8221;off&#8221; button_border_width__hover_enabled=&#8221;off&#8221; button_one_border_width__hover_enabled=&#8221;off&#8221; button_two_border_width__hover_enabled=&#8221;off&#8221; button_border_color__hover_enabled=&#8221;off&#8221; button_one_border_color__hover_enabled=&#8221;off&#8221; button_two_border_color__hover_enabled=&#8221;off&#8221; button_border_radius__hover_enabled=&#8221;off&#8221; button_one_border_radius__hover_enabled=&#8221;off&#8221; button_two_border_radius__hover_enabled=&#8221;off&#8221; button_letter_spacing__hover_enabled=&#8221;off&#8221; button_one_letter_spacing__hover_enabled=&#8221;off&#8221; button_two_letter_spacing__hover_enabled=&#8221;off&#8221; button_bg_color__hover_enabled=&#8221;off&#8221; button_one_bg_color__hover_enabled=&#8221;off&#8221; button_two_bg_color__hover_enabled=&#8221;off&#8221; border_width_bottom__hover=&#8221;2px&#8221; border_width_bottom__hover_enabled=&#8221;on|desktop&#8221; transform_styles__hover_enabled=&#8221;on|hover&#8221; transform_scale__hover=&#8221;105%|105%&#8221; transform_scale__hover_enabled=&#8221;on|hover&#8221; transform_translate__hover_enabled=&#8221;on|desktop&#8221; transform_rotate__hover_enabled=&#8221;on|desktop&#8221; transform_skew__hover_enabled=&#8221;on|desktop&#8221; transform_origin__hover_enabled=&#8221;on|desktop&#8221;][\/et_pb_contact_field][\/et_pb_contact_form][\/et_pb_column][et_pb_column type=&#8221;1_2&#8243; _builder_version=&#8221;4.23.1&#8243; _module_preset=&#8221;default&#8221; global_colors_info=&#8221;{}&#8221;][et_pb_blurb title=&#8221;Working Hours&#8221; use_icon=&#8221;on&#8221; font_icon=&#8221;&#xe60d;||divi||400&#8243; icon_color=&#8221;#003D5B&#8221; icon_placement=&#8221;left&#8221; _builder_version=&#8221;4.23.1&#8243; _module_preset=&#8221;default&#8221; header_font=&#8221;Montserrat|600|||||||&#8221; header_font_size=&#8221;20px&#8221; header_line_height=&#8221;1.5em&#8221; body_font=&#8221;Montserrat|||on|||||&#8221; body_text_color=&#8221;#0D0F2B&#8221; custom_margin=&#8221;||10px||false|false&#8221; global_colors_info=&#8221;{}&#8221;]<\/p>\n<p>Monday \u2013 Friday (9 AM \u2013 4 PM)<\/p>\n<p>[\/et_pb_blurb][et_pb_blurb title=&#8221;EMAIL&#8221; use_icon=&#8221;on&#8221; font_icon=&#8221;&#xe076;||divi||400&#8243; icon_color=&#8221;#003D5B&#8221; icon_placement=&#8221;left&#8221; _builder_version=&#8221;4.23.1&#8243; _module_preset=&#8221;default&#8221; header_font=&#8221;Montserrat|600|||||||&#8221; header_font_size=&#8221;20px&#8221; header_line_height=&#8221;1.5em&#8221; body_font=&#8221;Montserrat|600|||||||&#8221; body_text_color=&#8221;#0D0F2B&#8221; body_link_font=&#8221;Montserrat||||||||&#8221; body_link_text_color=&#8221;#003D5B&#8221; custom_margin=&#8221;||10px||false|false&#8221; global_colors_info=&#8221;{}&#8221;]<\/p>\n<p><a href=\"mailto:info@heroji\">info@herojibeogradskogmaratona.rs<\/a><\/p>\n<p>[\/et_pb_blurb][et_pb_blurb title=&#8221;CONTACT&#8221; use_icon=&#8221;on&#8221; font_icon=&#8221;&#xe090;||divi||400&#8243; icon_color=&#8221;#003D5B&#8221; icon_placement=&#8221;left&#8221; _builder_version=&#8221;4.23.1&#8243; _module_preset=&#8221;default&#8221; header_font=&#8221;Montserrat|600|||||||&#8221; header_font_size=&#8221;20px&#8221; header_line_height=&#8221;1.5em&#8221; body_font=&#8221;Montserrat|600|||||||&#8221; body_text_color=&#8221;#0D0F2B&#8221; body_link_font=&#8221;Montserrat||||||||&#8221; body_link_text_color=&#8221;#003D5B&#8221; custom_margin=&#8221;||10px||false|false&#8221; global_colors_info=&#8221;{}&#8221;]<\/p>\n<p>011\/ 3690 &#8211; 709; 011\/ 3690 &#8211; 729<\/p>\n<p>[\/et_pb_blurb][et_pb_blurb title=&#8221;ADRESA&#8221; use_icon=&#8221;on&#8221; font_icon=&#8221;&#xe074;||divi||400&#8243; icon_color=&#8221;#003D5B&#8221; icon_placement=&#8221;left&#8221; _builder_version=&#8221;4.23.1&#8243; _module_preset=&#8221;default&#8221; header_font=&#8221;Montserrat|600|||||||&#8221; header_font_size=&#8221;20px&#8221; header_line_height=&#8221;1.5em&#8221; body_font=&#8221;Montserrat|600|||||||&#8221; body_text_color=&#8221;#0D0F2B&#8221; body_link_font=&#8221;Montserrat||||||||&#8221; body_link_text_color=&#8221;#003D5B&#8221; custom_margin=&#8221;||10px||false|false&#8221; global_colors_info=&#8221;{}&#8221;]<\/p>\n<p>Dr. Ive Popovica \u0110anija 3a, 11000 Beograd.<\/p>\n<p>[\/et_pb_blurb][et_pb_blurb title=&#8221;Foundation Information&#8221; use_icon=&#8221;on&#8221; font_icon=&#8221;&#xf129;||fa||900&#8243; icon_color=&#8221;#003D5B&#8221; icon_placement=&#8221;left&#8221; _builder_version=&#8221;4.23.2&#8243; _module_preset=&#8221;default&#8221; header_font=&#8221;Montserrat|600|||||||&#8221; header_font_size=&#8221;20px&#8221; header_line_height=&#8221;1.5em&#8221; body_font=&#8221;Montserrat|600|||||||&#8221; body_text_color=&#8221;#0D0F2B&#8221; body_link_font=&#8221;Montserrat||||||||&#8221; body_link_text_color=&#8221;#003D5B&#8221; custom_margin=&#8221;||10px||false|false&#8221; global_colors_info=&#8221;{}&#8221;]<\/p>\n<p>&#8220;Belgrade Marathon Heroes Foundation&#8221;<\/p>\n<p>ID: <span>113763628<br \/>TAX ID: 28834276<\/span><\/p>\n<p>&nbsp;<\/p>\n<p>[\/et_pb_blurb][\/et_pb_column][\/et_pb_row][\/et_pb_section][et_pb_section fb_built=&#8221;1&#8243; fullwidth=&#8221;on&#8221; _builder_version=&#8221;4.23.2&#8243; _module_preset=&#8221;default&#8221; custom_margin=&#8221;0px||0px||false|false&#8221; custom_padding=&#8221;0px||0px||false|false&#8221; global_colors_info=&#8221;{}&#8221;][et_pb_fullwidth_code _builder_version=&#8221;4.23.2&#8243; _module_preset=&#8221;default&#8221; custom_margin=&#8221;||0px||false|false&#8221; custom_padding=&#8221;||0px||false|false&#8221; global_colors_info=&#8221;{}&#8221;]<iframe src=\"https:\/\/www.google.com\/maps\/embed?pb=!1m18!1m12!1m3!1d2832.0071153018644!2d20.458110976937505!3d44.7806602787845!2m3!1f0!2f0!3f0!3m2!1i1024!2i768!4f13.1!3m3!1m2!1s0x475a7040d422a61b%3A0xcaed87b913647d38!2sDr%20Ive%20Popovi%C4%87a-%C4%90anija%203a%2C%20Beograd!5e0!3m2!1sen!2srs!4v1701374262202!5m2!1sen!2srs\" width=\"100%\" height=\"550\" style=\"border:0;\" allowfullscreen=\"\" loading=\"lazy\" referrerpolicy=\"no-referrer-when-downgrade\"><\/iframe>[\/et_pb_fullwidth_code][\/et_pb_section]<\/p>\n","protected":false},"excerpt":{"rendered":"<p><div class=\"et_pb_with_border et_pb_module ba_advanced_divider ba_advanced_divider_0\">\n\t\t\t\t\n\t\t\t\t\n\t\t\t\t\n\t\t\t\t\n\t\t\t\t\n\t\t\t\t\n\t\t\t\t<div class=\"et_pb_module_inner\">\n\t\t\t\t\t<div class=\"dtq-module dtq-divider\">\n                \n                <h1 class=\"dtq-divider__element dtq-divider__text\"><span>Contact<\/span><\/h1>\n                \n                <div class=\"dtq-divider__shape\"><svg xmlns=\"http:\/\/www.w3.org\/2000\/svg\" xmlns:xlink=\"http:\/\/www.w3.org\/1999\/xlink\" x=\"0px\" y=\"0px\"\n        viewBox=\"0 0 300 30\" style=\"enable-background:new 0 0 300 30;\" xml:space=\"preserve\">\n        <g>\n        <g>\n        <g>\n            <path style=\"fill:none;stroke:#000000;stroke-width:0.4;stroke-linecap:round;stroke-miterlimit:10;\" d=\"M121.5,14.4\n                C83.2,13.8,43,11.4,4,13.2\"\/>\n        <\/g>\n        <g>\n            <path style=\"fill:none;stroke:#000000;stroke-width:0.4;stroke-linecap:round;stroke-miterlimit:10;\" d=\"M178.5,15.2L178.5,15.2\n                c38.9,2.9,79.2,1.7,117.5,2.3\"\/>\n        <\/g>\n        <\/g>\n            <path style=\"fill:none;stroke:#000000;stroke-width:0.4;stroke-linecap:round;stroke-linejoin:round;stroke-miterlimit:10;\" d=\"\n            M161.2,6.2c-1.2-1.4-2.9-2.1-4.8-2.1c-2.6,0-4.2,1.6-5.2,2.9c-0.2,0.3-0.4,0.7-0.6,1c-0.2-0.3-0.4-0.7-0.6-1\n            c-0.9-1.3-2.6-2.9-5.2-2.9c-1.9,0-3.5,0.8-4.8,2.1c-1.2,1.3-1.8,3.1-1.8,5c0,2.1,0.8,4,2.5,6c1.5,1.8,3.8,3.7,6.3,5.9\n            c1,0.8,1.9,1.7,3,2.6l0,0c0.1,0.1,0.3,0.2,0.5,0.2c0.2,0,0.3-0.1,0.5-0.2l0,0c1.1-0.9,2-1.8,3-2.6c2.6-2.2,4.8-4.1,6.3-5.9\n            c1.7-2,2.5-4,2.5-6C163,9.3,162.3,7.6,161.2,6.2z\"\/>\n        <\/g>\n    <\/svg><\/div>\n            <\/div>\n\t\t\t\t<\/div>\n\t\t\t<\/div>CONTACT USMonday \u2013 Friday (9 AM \u2013 4 PM)info@herojibeogradskogmaratona.rs011\/ 3690 &#8211; 709; 011\/ 3690 &#8211; 729Dr. [&hellip;]<\/p>\n","protected":false},"author":1,"featured_media":0,"parent":0,"menu_order":0,"comment_status":"closed","ping_status":"closed","template":"","meta":{"_et_pb_use_builder":"on","_et_pb_old_content":"","_et_gb_content_width":"","footnotes":""},"difl_page_category":[],"class_list":["post-2054","page","type-page","status-publish","hentry"],"_links":{"self":[{"href":"https:\/\/herojibeogradskogmaratona.rs\/en\/wp-json\/wp\/v2\/pages\/2054","targetHints":{"allow":["GET"]}}],"collection":[{"href":"https:\/\/herojibeogradskogmaratona.rs\/en\/wp-json\/wp\/v2\/pages"}],"about":[{"href":"https:\/\/herojibeogradskogmaratona.rs\/en\/wp-json\/wp\/v2\/types\/page"}],"author":[{"embeddable":true,"href":"https:\/\/herojibeogradskogmaratona.rs\/en\/wp-json\/wp\/v2\/users\/1"}],"replies":[{"embeddable":true,"href":"https:\/\/herojibeogradskogmaratona.rs\/en\/wp-json\/wp\/v2\/comments?post=2054"}],"version-history":[{"count":2,"href":"https:\/\/herojibeogradskogmaratona.rs\/en\/wp-json\/wp\/v2\/pages\/2054\/revisions"}],"predecessor-version":[{"id":2056,"href":"https:\/\/herojibeogradskogmaratona.rs\/en\/wp-json\/wp\/v2\/pages\/2054\/revisions\/2056"}],"wp:attachment":[{"href":"https:\/\/herojibeogradskogmaratona.rs\/en\/wp-json\/wp\/v2\/media?parent=2054"}],"wp:term":[{"taxonomy":"difl_page_category","embeddable":true,"href":"https:\/\/herojibeogradskogmaratona.rs\/en\/wp-json\/wp\/v2\/difl_page_category?post=2054"}],"curies":[{"name":"wp","href":"https:\/\/api.w.org\/{rel}","templated":true}]}}